{"id":1905,"date":"2025-06-04T22:15:13","date_gmt":"2025-06-04T20:15:13","guid":{"rendered":"https:\/\/rentals.oceanhome.es\/usein-kysytyt-kysymykset-faq\/"},"modified":"2025-06-12T21:09:54","modified_gmt":"2025-06-12T19:09:54","slug":"usein-kysytyt-kysymykset-faq","status":"publish","type":"page","link":"https:\/\/rentals.oceanhome.es\/fi\/usein-kysytyt-kysymykset-faq\/","title":{"rendered":"Usein kysytyt kysymykset (FAQ)"},"content":{"rendered":"\n<h2 class=\"wp-block-heading\"><strong>Varaukset ja maksut<\/strong><\/h2>\n\n<div class=\"wp-block-getwid-accordion has-icon-left\" data-active-element=\"none\">\n<div class=\"wp-block-getwid-accordion__header-wrapper\"><span class=\"wp-block-getwid-accordion__header\"><a href=\"#\"><span class=\"wp-block-getwid-accordion__header-title\"><strong>When can I arrive at the apartment, and by what time must I check out?<\/strong><\/span><span class=\"wp-block-getwid-accordion__icon is-active\"><i class=\"fas fa-plus\"><\/i><\/span><span class=\"wp-block-getwid-accordion__icon is-passive\"><i class=\"fas fa-minus\"><\/i><\/span><\/a><\/span><\/div><div class=\"wp-block-getwid-accordion__content-wrapper\"><div class=\"wp-block-getwid-accordion__content\">\n<p>Voit saapua varauksen alkamisp\u00e4iv\u00e4n\u00e4 aikaisintaan <strong>klo 16:00<\/strong>.<br\/>Huoneisto on tyhjennett\u00e4v\u00e4 l\u00e4ht\u00f6p\u00e4iv\u00e4n\u00e4 klo <strong>10:00<\/strong> menness\u00e4.<br\/>Jos varaukset eiv\u00e4t ole p\u00e4\u00e4llekk\u00e4isi\u00e4, vaihtoehtoiset sis\u00e4\u00e4n-\/uloskirjautumis- ja uloskirjautumisajat voidaan j\u00e4rjest\u00e4\u00e4 pyynn\u00f6st\u00e4.<\/p>\n<\/div><\/div>\n\n\n\n<div class=\"wp-block-getwid-accordion__header-wrapper\"><span class=\"wp-block-getwid-accordion__header\"><a href=\"#\"><span class=\"wp-block-getwid-accordion__header-title\"><strong>When do I pay the reservation\/security deposit and the rent?<\/strong><\/span><span class=\"wp-block-getwid-accordion__icon is-active\"><i class=\"fas fa-plus\"><\/i><\/span><span class=\"wp-block-getwid-accordion__icon is-passive\"><i class=\"fas fa-minus\"><\/i><\/span><\/a><\/span><\/div><div class=\"wp-block-getwid-accordion__content-wrapper\"><div class=\"wp-block-getwid-accordion__content\">\n<p>Varaus-\/takuumaksu on maksettava <strong>heti varauksen<\/strong> yhteydess\u00e4.<br\/>Lyhytaikaisissa vuokrasopimuksissa koko summa on maksettava <strong>viimeist\u00e4\u00e4n 30 p\u00e4iv\u00e4\u00e4 ennen<\/strong> vuokrauksen alkamista.<br\/>Yli 91 p\u00e4iv\u00e4\u00e4 kest\u00e4viss\u00e4 varauksissa kuukausimaksut ovat mahdollisia.<\/p>\n<\/div><\/div>\n\n\n\n<div class=\"wp-block-getwid-accordion__header-wrapper\"><span class=\"wp-block-getwid-accordion__header\"><a href=\"#\"><span class=\"wp-block-getwid-accordion__header-title\"><strong>Do I get a refund if I leave before the rental period ends?<\/strong><\/span><span class=\"wp-block-getwid-accordion__icon is-active\"><i class=\"fas fa-plus\"><\/i><\/span><span class=\"wp-block-getwid-accordion__icon is-passive\"><i class=\"fas fa-minus\"><\/i><\/span><\/a><\/span><\/div><div class=\"wp-block-getwid-accordion__content-wrapper\"><div class=\"wp-block-getwid-accordion__content\">\n<p>Ei. Kaikki varaukset ovat <strong>m\u00e4\u00e4r\u00e4aikaisia<\/strong>, ja koko summa on maksettava ennenaikaisesta l\u00e4hd\u00f6st\u00e4 riippumatta. <\/p>\n<\/div><\/div>\n\n\n\n<div class=\"wp-block-getwid-accordion__header-wrapper\"><span class=\"wp-block-getwid-accordion__header\"><a href=\"#\"><span class=\"wp-block-getwid-accordion__header-title\"><strong>What costs apply in addition to rent?<\/strong><\/span><span class=\"wp-block-getwid-accordion__icon is-active\"><i class=\"fas fa-plus\"><\/i><\/span><span class=\"wp-block-getwid-accordion__icon is-passive\"><i class=\"fas fa-minus\"><\/i><\/span><\/a><\/span><\/div><div class=\"wp-block-getwid-accordion__content-wrapper\"><div class=\"wp-block-getwid-accordion__content\">\n<ul class=\"wp-block-list\">\n<li>S\u00e4hk\u00f6maksut (kiinteist\u00f6kohtaisesti eriteltyn\u00e4)<\/li>\n\n\n\n<li>Loppusiivousmaksu<\/li>\n\n\n\n<li>Sis\u00e4\u00e4nkirjautumismaksu: 30 \u20ac<\/li>\n\n\n\n<li>Uloskirjautumisen tarkastusmaksu: 30 \u20ac<\/li>\n<\/ul>\n\n\n\n<p>Vakuusmaksu:<\/p>\n\n\n\n<ul class=\"wp-block-list\">\n<li>300 \u20ac alle 3 kuukauden varauksiin<\/li>\n\n\n\n<li>Yhden kuukauden vuokra yli 3 kuukauden varauksista.<\/li>\n<\/ul>\n<\/div><\/div>\n<\/div>\n\n<h2 class=\"wp-block-heading\"><strong>Huoneisto<\/strong><\/h2>\n\n<div class=\"wp-block-getwid-accordion has-icon-left\" data-active-element=\"none\">\n<div class=\"wp-block-getwid-accordion__header-wrapper\"><span class=\"wp-block-getwid-accordion__header\"><a href=\"#\"><span class=\"wp-block-getwid-accordion__header-title\"><strong>Are linens and kitchenware included?<\/strong><\/span><span class=\"wp-block-getwid-accordion__icon is-active\"><i class=\"fas fa-plus\"><\/i><\/span><span class=\"wp-block-getwid-accordion__icon is-passive\"><i class=\"fas fa-minus\"><\/i><\/span><\/a><\/span><\/div><div class=\"wp-block-getwid-accordion__content-wrapper\"><div class=\"wp-block-getwid-accordion__content\">\n<p>Kyll\u00e4. Kaikki huoneistot on kalustettu ja varustettu vuodevaatteilla, pyyhkeill\u00e4 ja keitti\u00f6v\u00e4lineill\u00e4 &#8211; v\u00e4hint\u00e4\u00e4n yksi setti makuupaikkaa kohti. <\/p>\n<\/div><\/div>\n\n\n\n<div class=\"wp-block-getwid-accordion__header-wrapper\"><span class=\"wp-block-getwid-accordion__header\"><a href=\"#\"><span class=\"wp-block-getwid-accordion__header-title\"><strong>Is smoking allowed in the apartments?<\/strong><\/span><span class=\"wp-block-getwid-accordion__icon is-active\"><i class=\"fas fa-plus\"><\/i><\/span><span class=\"wp-block-getwid-accordion__icon is-passive\"><i class=\"fas fa-minus\"><\/i><\/span><\/a><\/span><\/div><div class=\"wp-block-getwid-accordion__content-wrapper\"><div class=\"wp-block-getwid-accordion__content\">\n<p>Ei. <strong>Tupakointi on kielletty<\/strong> kaikissa vuokra-asunnoissamme.<\/p>\n<\/div><\/div>\n\n\n\n<div class=\"wp-block-getwid-accordion__header-wrapper\"><span class=\"wp-block-getwid-accordion__header\"><a href=\"#\"><span class=\"wp-block-getwid-accordion__header-title\"><strong>Can I bring a pet?<\/strong><\/span><span class=\"wp-block-getwid-accordion__icon is-active\"><i class=\"fas fa-plus\"><\/i><\/span><span class=\"wp-block-getwid-accordion__icon is-passive\"><i class=\"fas fa-minus\"><\/i><\/span><\/a><\/span><\/div><div class=\"wp-block-getwid-accordion__content-wrapper\"><div class=\"wp-block-getwid-accordion__content\">\n<p>Lemmikkik\u00e4yt\u00e4nn\u00f6t on lueteltu kunkin huoneiston kuvauksessa.<br\/>Yleens\u00e4 yksi lemmikki on sallittu, ellei toisin ole kirjallisesti sovittu.<\/p>\n<\/div><\/div>\n\n\n\n<div class=\"wp-block-getwid-accordion__header-wrapper\"><span class=\"wp-block-getwid-accordion__header\"><a href=\"#\"><span class=\"wp-block-getwid-accordion__header-title\"><strong>Can I make changes to the apartment?<\/strong><\/span><span class=\"wp-block-getwid-accordion__icon is-active\"><i class=\"fas fa-plus\"><\/i><\/span><span class=\"wp-block-getwid-accordion__icon is-passive\"><i class=\"fas fa-minus\"><\/i><\/span><\/a><\/span><\/div><div class=\"wp-block-getwid-accordion__content-wrapper\"><div class=\"wp-block-getwid-accordion__content\">\n<p>Muutokset (esim. taulujen ripustaminen) eiv\u00e4t ole sallittuja ilman lupaa.<br\/>Jos siirr\u00e4t tai j\u00e4rjest\u00e4t huonekaluja uudelleen, perit\u00e4\u00e4n sakkomaksu.<\/p>\n<\/div><\/div>\n<\/div>\n\n<h2 class=\"wp-block-heading\"><strong>Varausten hallinta<\/strong><\/h2>\n\n<div class=\"wp-block-getwid-accordion has-icon-left\" data-active-element=\"none\">\n<div class=\"wp-block-getwid-accordion__header-wrapper\"><span class=\"wp-block-getwid-accordion__header\"><a href=\"#\"><span class=\"wp-block-getwid-accordion__header-title\"><strong>How do I know if my reservation has been received?<\/strong><\/span><span class=\"wp-block-getwid-accordion__icon is-active\"><i class=\"fas fa-plus\"><\/i><\/span><span class=\"wp-block-getwid-accordion__icon is-passive\"><i class=\"fas fa-minus\"><\/i><\/span><\/a><\/span><\/div><div class=\"wp-block-getwid-accordion__content-wrapper\"><div class=\"wp-block-getwid-accordion__content\">\n<p>Kun olet maksanut <strong>23 prosentin varausmaksun<\/strong>, saat <strong>v\u00e4litt\u00f6m\u00e4sti vahvistuss\u00e4hk\u00f6postin<\/strong>.<br\/>Sinulla on <strong>48 tuntia<\/strong> aikaa maksaa varaus joko kortilla tai SEPA-siirrolla, tai varauksesi peruutetaan.<\/p>\n<\/div><\/div>\n\n\n\n<div class=\"wp-block-getwid-accordion__header-wrapper\"><span class=\"wp-block-getwid-accordion__header\"><a href=\"#\"><span class=\"wp-block-getwid-accordion__header-title\"><strong>Can I sublet the apartment?<\/strong><\/span><span class=\"wp-block-getwid-accordion__icon is-active\"><i class=\"fas fa-plus\"><\/i><\/span><span class=\"wp-block-getwid-accordion__icon is-passive\"><i class=\"fas fa-minus\"><\/i><\/span><\/a><\/span><\/div><div class=\"wp-block-getwid-accordion__content-wrapper\"><div class=\"wp-block-getwid-accordion__content\">\n<p>Ei. Vuokrasopimuksen alivuokraaminen tai siirt\u00e4minen kolmannelle osapuolelle ilman kirjallista lupaa on <strong>kielletty<\/strong>. <\/p>\n<\/div><\/div>\n\n\n\n<div class=\"wp-block-getwid-accordion__header-wrapper\"><span class=\"wp-block-getwid-accordion__header\"><a href=\"#\"><span class=\"wp-block-getwid-accordion__header-title\"><strong>What if I need to extend my stay unexpectedly?<\/strong><\/span><span class=\"wp-block-getwid-accordion__icon is-active\"><i class=\"fas fa-plus\"><\/i><\/span><span class=\"wp-block-getwid-accordion__icon is-passive\"><i class=\"fas fa-minus\"><\/i><\/span><\/a><\/span><\/div><div class=\"wp-block-getwid-accordion__content-wrapper\"><div class=\"wp-block-getwid-accordion__content\">\n<p>Jos my\u00f6hempi\u00e4 varauksia ei ole, oleskelua voi olla mahdollista jatkaa <strong>erillisell\u00e4 sopimuksella<\/strong>.<\/p>\n<\/div><\/div>\n\n\n\n<div class=\"wp-block-getwid-accordion__header-wrapper\"><span class=\"wp-block-getwid-accordion__header\"><a href=\"#\"><span class=\"wp-block-getwid-accordion__header-title\"><strong>What if I need to cancel my reservation?<\/strong><\/span><span class=\"wp-block-getwid-accordion__icon is-active\"><i class=\"fas fa-plus\"><\/i><\/span><span class=\"wp-block-getwid-accordion__icon is-passive\"><i class=\"fas fa-minus\"><\/i><\/span><\/a><\/span><\/div><div class=\"wp-block-getwid-accordion__content-wrapper\"><div class=\"wp-block-getwid-accordion__content\">\n<p>Jos <strong>varaus<\/strong> peruutetaan ennen vuokrauksen alkamista, <strong>varausmaksua<\/strong> ei palauteta.<\/p>\n<\/div><\/div>\n<\/div>\n\n<h2 class=\"wp-block-heading\"><strong>Oleskelusi aikana<\/strong><\/h2>\n\n<div class=\"wp-block-getwid-accordion has-icon-left\" data-active-element=\"none\">\n<div class=\"wp-block-getwid-accordion__header-wrapper\"><span class=\"wp-block-getwid-accordion__header\"><a href=\"#\"><span class=\"wp-block-getwid-accordion__header-title\"><strong>What should I do if something breaks or doesn\u2019t work in the apartment?<\/strong><\/span><span class=\"wp-block-getwid-accordion__icon is-active\"><i class=\"fas fa-plus\"><\/i><\/span><span class=\"wp-block-getwid-accordion__icon is-passive\"><i class=\"fas fa-minus\"><\/i><\/span><\/a><\/span><\/div><div class=\"wp-block-getwid-accordion__content-wrapper\"><div class=\"wp-block-getwid-accordion__content\">\n<p>Ota <strong>v\u00e4litt\u00f6m\u00e4sti<\/strong> yhteytt\u00e4 edustajaamme.<br\/>J\u00e4rjest\u00e4mme korjaukset tai vaihdot mahdollisimman pian.<br\/>Jos vahingot johtuvat vuokralaisen huolimattomuudesta, olet vastuussa kustannuksista.<\/p>\n<\/div><\/div>\n\n\n\n<div class=\"wp-block-getwid-accordion__header-wrapper\"><span class=\"wp-block-getwid-accordion__header\"><a href=\"#\"><span class=\"wp-block-getwid-accordion__header-title\"><strong>What should I do at the end of the rental period?<\/strong><\/span><span class=\"wp-block-getwid-accordion__icon is-active\"><i class=\"fas fa-plus\"><\/i><\/span><span class=\"wp-block-getwid-accordion__icon is-passive\"><i class=\"fas fa-minus\"><\/i><\/span><\/a><\/span><\/div><div class=\"wp-block-getwid-accordion__content-wrapper\"><div class=\"wp-block-getwid-accordion__content\">\n<p>Ennen l\u00e4ht\u00f6\u00e4:<\/p>\n\n\n\n<p>Poista avatut elintarvikkeet<\/p>\n\n\n\n<p>Pese astiat<\/p>\n\n\n\n<p>Tyhjenn\u00e4 j\u00e4\u00e4kaappi ja pakastin<\/p>\n\n\n\n<p>Puhdista pienet laitteet<\/p>\n\n\n\n<p>Vie roskat ulos<\/p>\n<\/div><\/div>\n\n\n\n<div class=\"wp-block-getwid-accordion__header-wrapper\"><span class=\"wp-block-getwid-accordion__header\"><a href=\"#\"><span class=\"wp-block-getwid-accordion__header-title\"><strong>Can I perform the final cleaning myself?<\/strong><\/span><span class=\"wp-block-getwid-accordion__icon is-active\"><i class=\"fas fa-plus\"><\/i><\/span><span class=\"wp-block-getwid-accordion__icon is-passive\"><i class=\"fas fa-minus\"><\/i><\/span><\/a><\/span><\/div><div class=\"wp-block-getwid-accordion__content-wrapper\"><div class=\"wp-block-getwid-accordion__content\">\n<p>Ei. Loppusiivous on tilattava meid\u00e4n kauttamme laadun varmistamiseksi.<br\/>Vuokralaisen on kuitenkin yll\u00e4pidett\u00e4v\u00e4 kohtuullista siisteytt\u00e4 oleskelunsa aikana.<\/p>\n<\/div><\/div>\n\n\n\n<div class=\"wp-block-getwid-accordion__header-wrapper\"><span class=\"wp-block-getwid-accordion__header\"><a href=\"#\"><span class=\"wp-block-getwid-accordion__header-title\"><strong>What is included in the final cleaning service?<\/strong><\/span><span class=\"wp-block-getwid-accordion__icon is-active\"><i class=\"fas fa-plus\"><\/i><\/span><span class=\"wp-block-getwid-accordion__icon is-passive\"><i class=\"fas fa-minus\"><\/i><\/span><\/a><\/span><\/div><div class=\"wp-block-getwid-accordion__content-wrapper\"><div class=\"wp-block-getwid-accordion__content\">\n<p><strong>Mukana:<\/strong><\/p>\n\n\n\n<ul class=\"wp-block-list\">\n<li>Pintojen ja lattioiden pyyhkiminen<\/li>\n\n\n\n<li>Pyyhkeet ja liinavaatteet henkil\u00f6\u00e4 kohden.<\/li>\n\n\n\n<li>Saniteettitilojen puhdistus<\/li>\n\n\n\n<li>Imurointi<\/li>\n<\/ul>\n\n\n\n<p><strong>Ei sis\u00e4lly:<\/strong><\/p>\n\n\n\n<ul class=\"wp-block-list\">\n<li>Astioiden pesu<\/li>\n\n\n\n<li>Roskien tai elintarvikkeiden poistaminen<\/li>\n<\/ul>\n\n\n\n<p><strong>Ylim\u00e4\u00e4r\u00e4iset siivousmaksut:<\/strong> 50 \u20ac \/ alkava tunti + pesulakustannukset (matot, patjat, verhot jne.).<\/p>\n<\/div><\/div>\n<\/div>\n\n<h2 class=\"wp-block-heading\"><strong>Muut kysymykset<\/strong><\/h2>\n\n<div class=\"wp-block-getwid-accordion has-icon-left\" data-active-element=\"none\">\n<div class=\"wp-block-getwid-accordion__header-wrapper\"><span class=\"wp-block-getwid-accordion__header\"><a href=\"#\"><span class=\"wp-block-getwid-accordion__header-title\"><strong>What is the difference between the winter and summer seasons?<\/strong><\/span><span class=\"wp-block-getwid-accordion__icon is-active\"><i class=\"fas fa-plus\"><\/i><\/span><span class=\"wp-block-getwid-accordion__icon is-passive\"><i class=\"fas fa-minus\"><\/i><\/span><\/a><\/span><\/div><div class=\"wp-block-getwid-accordion__content-wrapper\"><div class=\"wp-block-getwid-accordion__content\">\n<p>Ellei toisin mainita:<\/p>\n\n\n\n<ul class=\"wp-block-list\">\n<li><strong>Kausivuokra<\/strong>: <\/li>\n\n\n\n<li><strong>Normaali vuokra<\/strong>: syys-toukokuu<\/li>\n<\/ul>\n<\/div><\/div>\n\n\n\n<div class=\"wp-block-getwid-accordion__header-wrapper\"><span class=\"wp-block-getwid-accordion__header\"><a href=\"#\"><span class=\"wp-block-getwid-accordion__header-title\"><strong>How long can I rent an apartment?<\/strong><\/span><span class=\"wp-block-getwid-accordion__icon is-active\"><i class=\"fas fa-plus\"><\/i><\/span><span class=\"wp-block-getwid-accordion__icon is-passive\"><i class=\"fas fa-minus\"><\/i><\/span><\/a><\/span><\/div><div class=\"wp-block-getwid-accordion__content-wrapper\"><div class=\"wp-block-getwid-accordion__content\">\n<p>Vuokra-aika on enint\u00e4\u00e4n <strong>11 kuukautta<\/strong>.<\/p>\n<\/div><\/div>\n\n\n\n<div class=\"wp-block-getwid-accordion__header-wrapper\"><span class=\"wp-block-getwid-accordion__header\"><a href=\"#\"><span class=\"wp-block-getwid-accordion__header-title\"><strong>Does the rental period have to be exactly 11 nights?<\/strong><\/span><span class=\"wp-block-getwid-accordion__icon is-active\"><i class=\"fas fa-plus\"><\/i><\/span><span class=\"wp-block-getwid-accordion__icon is-passive\"><i class=\"fas fa-minus\"><\/i><\/span><\/a><\/span><\/div><div class=\"wp-block-getwid-accordion__content-wrapper\"><div class=\"wp-block-getwid-accordion__content\">\n<p>Ei.<br\/><strong>V\u00e4himm\u00e4isvuokra-aika on 11 y\u00f6t\u00e4<\/strong>, mutta voit aloittaa ja lopettaa vuokrauksen min\u00e4 tahansa p\u00e4iv\u00e4n\u00e4.<br\/>Lis\u00e4p\u00e4ivien osalta vuorokausihinta lasketaan viikkohinnan perusteella.<\/p>\n<\/div><\/div>\n\n\n\n<div class=\"wp-block-getwid-accordion__header-wrapper\"><span class=\"wp-block-getwid-accordion__header\"><a href=\"#\"><span class=\"wp-block-getwid-accordion__header-title\"><strong>How can I check availability?<\/strong><\/span><span class=\"wp-block-getwid-accordion__icon is-active\"><i class=\"fas fa-plus\"><\/i><\/span><span class=\"wp-block-getwid-accordion__icon is-passive\"><i class=\"fas fa-minus\"><\/i><\/span><\/a><\/span><\/div><div class=\"wp-block-getwid-accordion__content-wrapper\"><div class=\"wp-block-getwid-accordion__content\">\n<p>Saatavuus n\u00e4kyy kunkin huoneiston sivun alareunassa.<\/p>\n<\/div><\/div>\n\n\n\n<div class=\"wp-block-getwid-accordion__header-wrapper\"><span class=\"wp-block-getwid-accordion__header\"><a href=\"#\"><span class=\"wp-block-getwid-accordion__header-title\"><strong>When is the swimming pool available?<\/strong><\/span><span class=\"wp-block-getwid-accordion__icon is-active\"><i class=\"fas fa-plus\"><\/i><\/span><span class=\"wp-block-getwid-accordion__icon is-passive\"><i class=\"fas fa-minus\"><\/i><\/span><\/a><\/span><\/div><div class=\"wp-block-getwid-accordion__content-wrapper\"><div class=\"wp-block-getwid-accordion__content\">\n<p>Uima-altaat ovat avoinna ilmoitettujen aikataulujen mukaan (yleens\u00e4 paikan p\u00e4\u00e4ll\u00e4).<br\/>Huomautus: Uima-altaat voivat olla suljettuina talven aikana, emmek\u00e4 voi taata niiden saatavuutta tai vastata huoltot\u00f6ist\u00e4.<\/p>\n<\/div><\/div>\n\n\n\n<div class=\"wp-block-getwid-accordion__header-wrapper\"><span class=\"wp-block-getwid-accordion__header\"><a href=\"#\"><span class=\"wp-block-getwid-accordion__header-title\"><strong>What kind of internet connection is provided?<\/strong><\/span><span class=\"wp-block-getwid-accordion__icon is-active\"><i class=\"fas fa-plus\"><\/i><\/span><span class=\"wp-block-getwid-accordion__icon is-passive\"><i class=\"fas fa-minus\"><\/i><\/span><\/a><\/span><\/div><div class=\"wp-block-getwid-accordion__content-wrapper\"><div class=\"wp-block-getwid-accordion__content\">\n<p>Kaikissa huoneistoissa on <strong>Wi-Fi-yhteys<\/strong>.<br\/>Oman laitteen liitt\u00e4minen on omalla vastuulla.<\/p>\n<\/div><\/div>\n\n\n\n<div class=\"wp-block-getwid-accordion__header-wrapper\"><span class=\"wp-block-getwid-accordion__header\"><a href=\"#\"><span class=\"wp-block-getwid-accordion__header-title\"><strong>How will I get the keys if I arrive by rental car?<\/strong><\/span><span class=\"wp-block-getwid-accordion__icon is-active\"><i class=\"fas fa-plus\"><\/i><\/span><span class=\"wp-block-getwid-accordion__icon is-passive\"><i class=\"fas fa-minus\"><\/i><\/span><\/a><\/span><\/div><div class=\"wp-block-getwid-accordion__content-wrapper\"><div class=\"wp-block-getwid-accordion__content\">\n<p>Edustajamme tapaa sinut sovittuna ajankohtana luovuttaakseen avaimet ja esitell\u00e4kseen asunnon.<\/p>\n<\/div><\/div>\n\n\n\n<div class=\"wp-block-getwid-accordion__header-wrapper\"><span class=\"wp-block-getwid-accordion__header\"><a href=\"#\"><span class=\"wp-block-getwid-accordion__header-title\"><strong>When is the rental agreement signed?<\/strong><\/span><span class=\"wp-block-getwid-accordion__icon is-active\"><i class=\"fas fa-plus\"><\/i><\/span><span class=\"wp-block-getwid-accordion__icon is-passive\"><i class=\"fas fa-minus\"><\/i><\/span><\/a><\/span><\/div><div class=\"wp-block-getwid-accordion__content-wrapper\"><div class=\"wp-block-getwid-accordion__content\">\n<p>Varausmaksun maksaminen katsotaan <strong>sitoutumiseksi<\/strong> vuokrasopimukseen.<br\/>Kaikki sopimukset k\u00e4sitell\u00e4\u00e4n <strong>digitaalisesti<\/strong>.<\/p>\n<\/div><\/div>\n\n\n\n<div class=\"wp-block-getwid-accordion__header-wrapper\"><span class=\"wp-block-getwid-accordion__header\"><a href=\"#\"><span class=\"wp-block-getwid-accordion__header-title\"><strong>Can I rent bicycles from you?<\/strong><\/span><span class=\"wp-block-getwid-accordion__icon is-active\"><i class=\"fas fa-plus\"><\/i><\/span><span class=\"wp-block-getwid-accordion__icon is-passive\"><i class=\"fas fa-minus\"><\/i><\/span><\/a><\/span><\/div><div class=\"wp-block-getwid-accordion__content-wrapper\"><div class=\"wp-block-getwid-accordion__content\">\n<p>Ei, mutta suosittelemme tutustumaan <strong>Bikemaniaan<\/strong> py\u00f6r\u00e4nvuokrausvaihtoehtoja varten.<\/p>\n<\/div><\/div>\n<\/div>\n\n<p><\/p>\n\n<p><\/p>\n\n<p><\/p>\n\n<p><\/p>\n\n<p><\/p>\n\n<p><\/p>\n\n<p><\/p>\n","protected":false},"excerpt":{"rendered":"<p>Varaukset ja maksut Huoneisto Varausten hallinta Oleskelusi aikana Muut kysymykset<\/p>\n","protected":false},"author":1,"featured_media":0,"parent":0,"menu_order":0,"comment_status":"closed","ping_status":"closed","template":"","meta":{"inline_featured_image":false,"_monsterinsights_skip_tracking":false,"_monsterinsights_sitenote_active":false,"_monsterinsights_sitenote_note":"","_monsterinsights_sitenote_category":0,"footnotes":""},"class_list":["post-1905","page","type-page","status-publish","hentry"],"jetpack_sharing_enabled":true,"_links":{"self":[{"href":"https:\/\/rentals.oceanhome.es\/fi\/wp-json\/wp\/v2\/pages\/1905","targetHints":{"allow":["GET"]}}],"collection":[{"href":"https:\/\/rentals.oceanhome.es\/fi\/wp-json\/wp\/v2\/pages"}],"about":[{"href":"https:\/\/rentals.oceanhome.es\/fi\/wp-json\/wp\/v2\/types\/page"}],"author":[{"embeddable":true,"href":"https:\/\/rentals.oceanhome.es\/fi\/wp-json\/wp\/v2\/users\/1"}],"replies":[{"embeddable":true,"href":"https:\/\/rentals.oceanhome.es\/fi\/wp-json\/wp\/v2\/comments?post=1905"}],"version-history":[{"count":1,"href":"https:\/\/rentals.oceanhome.es\/fi\/wp-json\/wp\/v2\/pages\/1905\/revisions"}],"predecessor-version":[{"id":1906,"href":"https:\/\/rentals.oceanhome.es\/fi\/wp-json\/wp\/v2\/pages\/1905\/revisions\/1906"}],"wp:attachment":[{"href":"https:\/\/rentals.oceanhome.es\/fi\/wp-json\/wp\/v2\/media?parent=1905"}],"curies":[{"name":"wp","href":"https:\/\/api.w.org\/{rel}","templated":true}]}}